{"id":46,"date":"2019-05-31T18:40:38","date_gmt":"2019-05-31T21:40:38","guid":{"rendered":"https:\/\/ulagos.cl\/english\/?page_id=46"},"modified":"2024-01-31T12:44:35","modified_gmt":"2024-01-31T15:44:35","slug":"application-admission","status":"publish","type":"page","link":"https:\/\/ulagos.cl\/english\/education-for-ulagos\/application-admission\/","title":{"rendered":"Application \/ Admission"},"content":{"rendered":"<p><strong>International Students at ULagos \u2013 multicultural friendships in Chilean Patagonia<\/strong><\/p>\n<div class=\"su-row\"><div class=\"su-column su-column-size-1-2\"><div class=\"su-column-inner su-u-clearfix su-u-trim\">\n<p>Studying at Universidad de Los Lagos (ULagos) is an exciting challenge. You will be influenced by the surge of new impressions and points of view you encounter here. Our university provides an excellent cultural and learning experience for students interested in studying abroad. In addition, you can travel and see the most beautiful landscapes: native forests, lakes, volcanoes and national parks of our Chilean Patagonia.<\/p>\n<p><strong>The academic year<\/strong><\/p>\n<ul>\n<li>The academic year at Universidad de Los Lagos is divided into two semesters.<\/li>\n<li>Students can begin their studies either in the winter term (March to July) or summer term (August to December).<\/li>\n<\/ul>\n<p><strong>ULagos is the right choice for&#8230;<\/strong><\/p>\n<ul>\n<li>Undergraduate or graduate programs (1 or 2 semesters)<\/li>\n<li>Internships or volunteering in the community<\/li>\n<li>Short program on research or teaching<\/li>\n<\/ul>\n<p><strong>Application deadlines<\/strong><\/p>\n<ul>\n<li>Semester March to July &#8211; <em>30 december<\/em><\/li>\n<li>Semester&nbsp;August to December &#8211; <em>30 Jun<\/em><\/li>\n<\/ul>\n<p>&nbsp;<\/p>\n<p><strong><span style=\"color: #cc99ff;\">Cecilia Delgado<br>National and International Mobility Coordination<\/span><\/strong><br><span style=\"color: #cc99ff;\"><strong>Email<\/strong>&nbsp;<\/span>&nbsp;<strong><a href=\"mailto:movilidad.internacional@ulagos.cl\" target=\"_blank\" rel=\"noopener noreferrer\">movilidad.internacional@ulagos.cl<\/a><\/strong><a href=\"mailto:movilidad.nacional@ulagos.cl\" target=\"_blank\" rel=\"noopener noreferrer\"><br><\/a><span style=\"color: #cc99ff;\"><strong>WhatsApp<\/strong><\/span> <strong><a href=\"https:\/\/wa.link\/44vs9a\" target=\"_blank\" rel=\"noopener\">+56981573560<\/a><\/strong><\/p>\n<p>&nbsp;<\/p>\n<\/div><\/div>\n<div class=\"su-column su-column-size-1-2\"><div class=\"su-column-inner su-u-clearfix su-u-trim\">\n<p><img loading=\"lazy\" decoding=\"async\" class=\"img-responsive alignnone\" style=\"width: 100%; height: auto;\" src=\"https:\/\/ulagos.cl\/english\/wp-content\/uploads\/2024\/01\/chile.jpg\" alt=\"left\" width=\"1050\" height=\"1195\"><\/p>\n<p>&nbsp;<\/p>\n<\/div><\/div>\n<\/div>\n\n\n<div class=\"wp-block-buttons is-layout-flex wp-block-buttons-is-layout-flex\">\n<div class=\"wp-block-button has-custom-font-size is-style-fill has-small-font-size\"><a class=\"wp-block-button__link has-vivid-purple-background-color has-background wp-element-button\" href=\"https:\/\/ulagos.cl\/english\/wp-content\/uploads\/2024\/01\/FormularioPostulacionESTUDIANTES_EXTRANJEROS_EN_ULAGOS_Chile_2024.doc\" style=\"border-radius:100px\" target=\"_blank\" rel=\"noreferrer noopener\"><strong>Apply Now&nbsp;<\/strong><\/a><\/div>\n<\/div>\n\n\n<p>&nbsp;<\/p>\n<div class=\"su-spoiler su-spoiler-style-fancy su-spoiler-icon-plus-square-1 su-spoiler-closed\" data-scroll-offset=\"0\" data-anchor-in-url=\"yes\"><div class=\"su-spoiler-title\" tabindex=\"0\" role=\"button\"><span class=\"su-spoiler-icon\"><\/span><strong>IMMIGRATION PROCEDURES<\/strong><\/div><div class=\"su-spoiler-content su-u-clearfix su-u-trim\">\n<div class=\"su-row\"><br><div class=\"su-column su-column-size-1-2\"><div class=\"su-column-inner su-u-clearfix su-u-trim\">\n<p>It is very important for you to check Chilean regulations, because they establish the criteria for the entry, residence, exit, re-entry, expulsion and control of foreigners.<\/p>\n<p>At the moment you receive your official Acceptance Letter from the International Relations Office, you must complete the following immigration procedure:<\/p>\n<p><strong><em><a href=\"https:\/\/serviciomigraciones.cl\/\" target=\"_blank\" rel=\"noopener\">Online Procedure of Temporary Residence Permission<\/a><\/em><\/strong><\/p>\n<\/div><\/div>\n<div class=\"su-column su-column-size-1-4\"><div class=\"su-column-inner su-u-clearfix su-u-trim\"><img loading=\"lazy\" decoding=\"async\" class=\"img-responsive alignnone\" style=\"width: 100%; height: auto;\" src=\"https:\/\/ulagos.cl\/english\/wp-content\/uploads\/2024\/01\/rt-estudiante.gif\" alt=\"left\" width=\"400\" height=\"375\"><\/div><\/div><\/div>\n<\/div><\/div>\n<div class=\"su-spoiler su-spoiler-style-fancy su-spoiler-icon-plus-square-1 su-spoiler-closed\" data-scroll-offset=\"0\" data-anchor-in-url=\"yes\"><div class=\"su-spoiler-title\" tabindex=\"0\" role=\"button\"><span class=\"su-spoiler-icon\"><\/span><strong>APPLICATION OF AN IDENTITY CARD FOR FOREIGNERS<\/strong><\/div><div class=\"su-spoiler-content su-u-clearfix su-u-trim\">\n<p>You must apply for your identity card at the civil registration and identification offices, handing out the following documents:<\/p>\n<ol>\n<li>Valid passport, with electronic stamping of the temporary residence permission.<\/li>\n<li>Photocopy of the pages of the passport showing: the identification of the holder, the validity of the passport and the temporary residence permission with the date of entry into the country.<\/li>\n<\/ol>\n<p>the identity card for foreigners has a cost of $ 4.270 chilean pesos ($ 8 dollars approx.). exceeding 30 day term in which you must apply for the identity card will result in a sanction or warning. you can obtain.<\/p>\n<p><strong><a href=\"https:\/\/www.chileatiende.gob.cl\/fichas\/3337-cedula-de-identidad-para-extranjeros-obtencion-y-renovacion\" target=\"_blank\" rel=\"noopener\">More information here<\/a>&nbsp;<\/strong><\/p>\n<\/div><\/div>\n<div class=\"su-spoiler su-spoiler-style-fancy su-spoiler-icon-plus-square-1 su-spoiler-closed\" data-scroll-offset=\"0\" data-anchor-in-url=\"yes\"><div class=\"su-spoiler-title\" tabindex=\"0\" role=\"button\"><span class=\"su-spoiler-icon\"><\/span><strong>Civil Registration Office - Osorno \/ Puerto Montt<\/strong><\/div><div class=\"su-spoiler-content su-u-clearfix su-u-trim\"><br><div class=\"su-row\"><div class=\"su-column su-column-size-1-2\"><div class=\"su-column-inner su-u-clearfix su-u-trim\"><strong>CIVIL REGISTRATION OFFICE OSORNO<\/strong><br>JUAN MACKENA AVENUE 930<br>Phone +56642268300<br>Opening times: 08:30 a 14:00<br><em><a href=\"https:\/\/maps.app.goo.gl\/GoRv9RF9FCKm5VQz9\" target=\"_blank\" rel=\"noopener\"><strong>Google maps<\/strong><\/a><\/em><br><\/div><\/div>\n<div class=\"su-column su-column-size-1-2\"><div class=\"su-column-inner su-u-clearfix su-u-trim\"><strong>CIVIL REGISTRATION PUERTO MONTT<\/strong><br>Urmeneta &#8211; Rancagua streets<br>Phone +56642299110<br>Opening times: 08:30 a 14:00<br><em><strong><a href=\"https:\/\/maps.app.goo.gl\/En77aVxeWDewNE8c6\" target=\"_blank\" rel=\"noopener\">Google maps<\/a><\/strong><\/em><\/p>\n<\/div><\/div><\/div>\n<\/div><\/div>\n<div class=\"su-spoiler su-spoiler-style-fancy su-spoiler-icon-plus-square-1 su-spoiler-closed\" data-scroll-offset=\"0\" data-anchor-in-url=\"yes\"><div class=\"su-spoiler-title\" tabindex=\"0\" role=\"button\"><span class=\"su-spoiler-icon\"><\/span><strong>International Health Insurance<\/strong><\/div><div class=\"su-spoiler-content su-u-clearfix su-u-trim\"><br><div class=\"su-row\"><div class=\"su-column su-column-size-1-2\"><div class=\"su-column-inner su-u-clearfix su-u-trim\">Antes de viajar a Chile, las personas extranjeras que ingresen por primera vez al pa\u00eds, ya sea estudiantes, investigadores\/as o acad\u00e9micos\/as, deben obligatoriamente tener contratado un seguro de salud desde el inicio de su permanencia en la Universidad de Los Lagos.<\/p>\n<p>Deber\u00e1n contratar desde su pa\u00eds de origen un seguro de salud que otorgue cobertura para atenci\u00f3n m\u00e9dica internacional en Chile.<\/p>\n<p>Debe contar con la siguiente cobertura:<\/p>\n<ul>\n<li>asistencia m\u00e9dica de urgencia<\/li>\n<li>atenci\u00f3n hospitalaria<\/li>\n<li>repatriaci\u00f3n por motivos m\u00e9dicos o defunci\u00f3n.<\/li>\n<\/ul>\n<p>En el caso de las personas que llegan a residir por primera vez por un per\u00edodo prolongado como los estudiantes de Programas de Postgrado (estad\u00edas de dos a 4 a\u00f1os), se recomienda la contrataci\u00f3n de un seguro por 90 d\u00edas, mientras realizan su afiliaci\u00f3n al sistema de salud local.<\/p>\n<p>Puede revisar algunas opciones de seguros <strong><a href=\"https:\/\/airtable.com\/appe41kuWQdmsLjmR\/shrHGa9m40lHRaRwo\/tblFcktJeMS9VsilT\" target=\"_blank\" rel=\"noopener\">aqu\u00ed<\/a><\/strong>.<\/p>\n<\/div><\/div>\n<div class=\"su-column su-column-size-1-2\"><div class=\"su-column-inner su-u-clearfix su-u-trim\"><img loading=\"lazy\" decoding=\"async\" class=\"img-responsive alignnone\" style=\"width: 100%; height: auto;\" src=\"https:\/\/ulagos.cl\/english\/wp-content\/uploads\/2024\/01\/Portapapeles02-1.jpg\" alt=\"left\" width=\"330\" height=\"328\"><\/p>\n<p>El seguro a contratar debe incluir los siguientes requisitos:<\/p>\n<ol>\n<li>La p\u00f3liza debe incluir nombre completo, tal y como aparece en el pasaporte.<\/li>\n<li>Fechas de cobertura: Tener una vigencia que cubra todo el per\u00edodo de estad\u00eda en el pa\u00eds.<\/li>\n<li>Incluir los servicios de repatriaci\u00f3n sanitaria y funeraria.<\/li>\n<li>Es importante conocer el n\u00famero de p\u00f3liza, la informaci\u00f3n sobre los centros m\u00e9dicos y hospitales donde el seguro es v\u00e1lido y aceptado, adem\u00e1s de la informaci\u00f3n de contacto de emergencias de la compa\u00f1\u00eda de seguros, en caso de alg\u00fan incidente<\/li>\n<\/ol>\n<\/div><\/div><\/div>\n<\/div><\/div>","protected":false},"excerpt":{"rendered":"<p>International Students at ULagos \u2013 multicultural friendships in Chilean Patagonia &nbsp;<\/p>\n","protected":false},"author":1,"featured_media":0,"parent":174,"menu_order":0,"comment_status":"closed","ping_status":"closed","template":"template_menu_horizontal_vertical.php","meta":{"ngg_post_thumbnail":0,"footnotes":""},"class_list":["post-46","page","type-page","status-publish","hentry"],"_links":{"self":[{"href":"https:\/\/ulagos.cl\/english\/wp-json\/wp\/v2\/pages\/46","targetHints":{"allow":["GET"]}}],"collection":[{"href":"https:\/\/ulagos.cl\/english\/wp-json\/wp\/v2\/pages"}],"about":[{"href":"https:\/\/ulagos.cl\/english\/wp-json\/wp\/v2\/types\/page"}],"author":[{"embeddable":true,"href":"https:\/\/ulagos.cl\/english\/wp-json\/wp\/v2\/users\/1"}],"replies":[{"embeddable":true,"href":"https:\/\/ulagos.cl\/english\/wp-json\/wp\/v2\/comments?post=46"}],"version-history":[{"count":132,"href":"https:\/\/ulagos.cl\/english\/wp-json\/wp\/v2\/pages\/46\/revisions"}],"predecessor-version":[{"id":3526,"href":"https:\/\/ulagos.cl\/english\/wp-json\/wp\/v2\/pages\/46\/revisions\/3526"}],"up":[{"embeddable":true,"href":"https:\/\/ulagos.cl\/english\/wp-json\/wp\/v2\/pages\/174"}],"wp:attachment":[{"href":"https:\/\/ulagos.cl\/english\/wp-json\/wp\/v2\/media?parent=46"}],"curies":[{"name":"wp","href":"https:\/\/api.w.org\/{rel}","templated":true}]}}